{"id":63,"date":"2025-08-12T21:10:07","date_gmt":"2025-08-12T19:10:07","guid":{"rendered":"https:\/\/vs-horlogerie.fr\/?page_id=63"},"modified":"2025-09-05T15:03:13","modified_gmt":"2025-09-05T13:03:13","slug":"lore-du-serveur","status":"publish","type":"page","link":"https:\/\/vs-horlogerie.fr\/?page_id=63","title":{"rendered":"Lore du Serveur"},"content":{"rendered":"\n<div class=\"wp-block-cover alignfull wp-duotone-5d4514-dacead-1\" style=\"min-height:800px;aspect-ratio:unset;\"><img loading=\"lazy\" decoding=\"async\" width=\"1024\" height=\"576\" class=\"wp-block-cover__image-background wp-image-68 size-large\" alt=\"\" src=\"https:\/\/vs-horlogerie.fr\/wp-content\/uploads\/2025\/08\/9q7hYk-1024x576.png\" data-object-fit=\"cover\" srcset=\"https:\/\/vs-horlogerie.fr\/wp-content\/uploads\/2025\/08\/9q7hYk-1024x576.png 1024w, https:\/\/vs-horlogerie.fr\/wp-content\/uploads\/2025\/08\/9q7hYk-300x169.png 300w, https:\/\/vs-horlogerie.fr\/wp-content\/uploads\/2025\/08\/9q7hYk-768x432.png 768w, https:\/\/vs-horlogerie.fr\/wp-content\/uploads\/2025\/08\/9q7hYk-1536x864.png 1536w, https:\/\/vs-horlogerie.fr\/wp-content\/uploads\/2025\/08\/9q7hYk.png 1920w\" sizes=\"auto, (max-width: 1024px) 100vw, 1024px\" \/><span aria-hidden=\"true\" class=\"wp-block-cover__background has-background-dim-60 has-background-dim\" style=\"background-color:#302615\"><\/span><div class=\"wp-block-cover__inner-container is-layout-flow wp-block-cover-is-layout-flow\">\n<h2 class=\"wp-block-heading has-text-align-center has-text-color\" style=\"color:#ffe074;font-size:64px\">L&rsquo;Histoire D&rsquo;Hecatone<\/h2>\n\n\n\n<blockquote class=\"wp-block-quote is-layout-flow wp-block-quote-is-layout-flow\">\n<p class=\"has-text-align-center has-text-color has-link-color has-small-font-size wp-elements-291c01199e79319aca5d4aa1cc019087\" style=\"color:#ffe074\">\u00ab M\u00eame en fouillant les confins les plus obscurs de ma m\u00e9moire, je ne trouve nulle trace du moment de mon \u00e9veil. Peut-\u00eatre est-ce l\u00e0 un myst\u00e8re commun \u00e0 tous : nul ne se souvient du jour de sa propre naissance\u2026 et pourtant, ne s\u2019agit-il pas d\u2019une \u00e9nigme plus terrible encore ? Tant de questions demeurent suspendues dans l\u2019ab\u00eeme, tant de secrets refusent obstin\u00e9ment de se d\u00e9voiler.<\/p>\n\n\n\n<p class=\"has-text-color has-link-color has-small-font-size wp-elements-70f9c4dc8d1534515ce8d3b708549116\" style=\"color:#ffe074\">J\u2019ai march\u00e9 \u00e0 travers l\u2019existence en suivant ce que je croyais \u00eatre la voie juste, portant toujours en moi une qu\u00eate unique : comprendre pourquoi le monde est monde, pourquoi l\u2019\u00eatre est, et pourquoi le n\u00e9ant se tait. Mais \u00e0 pr\u00e9sent, alors que l\u2019ombre du n\u00e9ant s\u2019\u00e9tire sur mes pas, une pens\u00e9e me ronge plus que toutes les autres.<\/p>\n\n\n\n<p class=\"has-text-align-center has-text-color has-link-color has-small-font-size wp-elements-71610b777e1dfa05f59a86610584ba39\" style=\"color:#ffe074\">Si demain je devais m\u2019\u00e9teindre, si demain je devais sombrer dans l\u2019oubli sans fond\u2026 il n\u2019est qu\u2019une seule r\u00e9ponse que je d\u00e9sirerais ardemment arracher aux t\u00e9n\u00e8bres : ai-je seulement \u00e9t\u00e9\u2026 un \u00eatre digne, ou n\u2019\u00e9tais-je qu\u2019une aberration de plus, parmi les murmures insens\u00e9s de ce cosmos indiff\u00e9rent ? \u00bb<em><br><strong>\u00e9crivain inconnu, date Inconnue <\/strong><\/em><\/p>\n<\/blockquote>\n\n\n\n<div class=\"wp-block-columns is-layout-flex wp-container-core-columns-is-layout-28f84493 wp-block-columns-is-layout-flex\">\n<div class=\"wp-block-column is-vertically-aligned-center is-layout-flow wp-block-column-is-layout-flow\" style=\"flex-basis:55%\"><\/div>\n<\/div>\n<\/div><\/div>\n\n\n\n<div class=\"wp-block-media-text alignfull has-media-on-the-right is-stacked-on-mobile is-vertically-aligned-center is-style-default\" style=\"grid-template-columns:auto 56%\"><div class=\"wp-block-media-text__content\">\n<p class=\"has-text-color has-small-font-size\" style=\"color:#000000\"><em>Vous \u00e9mergez d\u2019un gouffre de t\u00e9n\u00e8bres, vaseux, comme rejet\u00e9 par un sommeil qui n\u2019aurait jamais d\u00fb finir. Vos yeux s\u2019ouvrent, mais la nuit demeure absolue, lourde, presque mat\u00e9rielle, comme si elle s\u2019\u00e9tait infiltr\u00e9e dans vos poumons. Chaque inspiration vous \u00e9touffe davantage. <\/em><\/p>\n\n\n\n<p class=\"has-text-color has-small-font-size\" style=\"color:#000000\"><em>Vos doigts, en qu\u00eate d\u2019un ancrage, rencontrent une lampe \u00e0 huile. Au simple contact, une onde de frissons parcourt votre chair. Ce n\u2019est pas un objet, c\u2019est un souvenir. <\/em><\/p>\n\n\n\n<p class=\"has-text-color has-small-font-size\" style=\"color:#000000\"><em>Aussit\u00f4t, des \u00e9clats d\u00e9chir\u00e9s envahissent votre esprit : flammes d\u00e9vorantes, hurlements indistincts, silhouettes noy\u00e9es dans le chaos. Et partout\u2026 la mort. <\/em><\/p>\n\n\n\n<p class=\"has-text-color has-small-font-size\" style=\"color:#000000\"><em>Un tremblement convulse vos membres. Vous sentez que votre corps, lui, n\u2019a rien oubli\u00e9. Une m\u00e9moire visc\u00e9rale s\u2019accroche \u00e0 votre chair, vous transperce de terreur. Plus vous tentez de saisir ces visions, plus vos nerfs se contractent, comme si une force invisible vous interdisait d\u2019approcher. <\/em><\/p>\n\n\n\n<p class=\"has-text-color has-small-font-size\" style=\"color:#000000\"><em>Une odeur s\u2019insinue alors, rampante et naus\u00e9abonde : la fum\u00e9e, grasse et suffocante. Puis vient le fer. Le go\u00fbt m\u00e9tallique s\u2019accroche \u00e0 votre langue, h\u00e9sitant entre la rouille et le sang, entre la corrosion et l\u2019h\u00e9catombe. Peut-\u00eatre n\u2019y a-t-il pas de diff\u00e9rence. Peut-\u00eatre les deux ne sont-ils qu\u2019une m\u00eame essence, ins\u00e9parable. <\/em><\/p>\n\n\n\n<p class=\"has-text-color has-small-font-size\" style=\"color:#000000\"><em>Vos entrailles se nouent, votre peau se h\u00e9risse. Quelque chose en vous crie d\u2019arr\u00eater, de ne pas remuer les ombres du pass\u00e9. Vous c\u00e9dez, mais le malaise persiste, comme une pr\u00e9sence tapie dans votre dos.<\/em><\/p>\n\n\n\n<p class=\"has-text-color has-small-font-size\" style=\"color:#000000\"><em> Dans l\u2019obscurit\u00e9, votre main agrippe un allume-feu d\u00e9labr\u00e9. Vous grattez, encore, encore\u2026 Jusqu\u2019\u00e0 ce qu\u2019une \u00e9tincelle jaillisse. La flamme \u00e9clot, fragile, presque honteuse d\u2019exister dans ce lieu. La lampe s\u2019embrase enfin, r\u00e9pandant une lumi\u00e8re jaun\u00e2tre qui d\u00e9chire un pan de la nuit. <\/em><\/p>\n\n\n\n<p class=\"has-text-color has-small-font-size\" style=\"color:#000000\"><em>Alors vous levez les yeux, devant vous, l\u2019inconnu se d\u00e9ploie, vaste, insondable. Un chemin s\u2019offre \u00e0 vous. Allez vous le suivre ?<\/em><br><br><em>Mais prenez garde<\/em>, <em>Car dans les t\u00e9n\u00e8bres derri\u00e8re vous, quelque chose respire encore. Et cela vous attend.<\/em><\/p>\n\n\n\n<p class=\"has-text-color\" style=\"color:#636363;font-size:17px;line-height:1.1\"><\/p>\n<\/div><figure class=\"wp-block-media-text__media\"><img loading=\"lazy\" decoding=\"async\" width=\"1024\" height=\"1024\" src=\"https:\/\/vs-horlogerie.fr\/wp-content\/uploads\/2025\/09\/Ville-en-flamme.png\" alt=\"\" class=\"wp-image-173 size-full\" srcset=\"https:\/\/vs-horlogerie.fr\/wp-content\/uploads\/2025\/09\/Ville-en-flamme.png 1024w, https:\/\/vs-horlogerie.fr\/wp-content\/uploads\/2025\/09\/Ville-en-flamme-300x300.png 300w, https:\/\/vs-horlogerie.fr\/wp-content\/uploads\/2025\/09\/Ville-en-flamme-150x150.png 150w, https:\/\/vs-horlogerie.fr\/wp-content\/uploads\/2025\/09\/Ville-en-flamme-768x768.png 768w, https:\/\/vs-horlogerie.fr\/wp-content\/uploads\/2025\/09\/Ville-en-flamme-50x50.png 50w\" sizes=\"auto, (max-width: 1024px) 100vw, 1024px\" \/><\/figure><\/div>\n\n\n\n<p><\/p>\n","protected":false},"excerpt":{"rendered":"<p>Vous \u00e9mergez d\u2019un gouffre de t\u00e9n\u00e8bres, vaseux, comme rejet\u00e9 par un sommeil qui n\u2019aurait jamais d\u00fb finir. Vos yeux s\u2019ouvrent, mais la nuit demeure absolue, lourde, presque mat\u00e9rielle, comme si elle s\u2019\u00e9tait infiltr\u00e9e dans vos poumons. Chaque inspiration vous \u00e9touffe davantage. Vos doigts, en qu\u00eate d\u2019un ancrage, rencontrent une lampe [&hellip;]<\/p>\n","protected":false},"author":1,"featured_media":0,"parent":0,"menu_order":0,"comment_status":"closed","ping_status":"closed","template":"","meta":{"_themeisle_gutenberg_block_has_review":false,"footnotes":""},"class_list":["post-63","page","type-page","status-publish","hentry"],"yoast_head":"<!-- This site is optimized with the Yoast SEO plugin v27.2 - https:\/\/yoast.com\/product\/yoast-seo-wordpress\/ -->\n<title>Lore du Serveur - L&#039;Horlogerie<\/title>\n<meta name=\"robots\" content=\"noindex, follow, max-snippet:-1, max-image-preview:large, max-video-preview:-1\" \/>\n<meta property=\"og:locale\" content=\"fr_FR\" \/>\n<meta property=\"og:type\" content=\"article\" \/>\n<meta property=\"og:title\" content=\"Lore du Serveur - L&#039;Horlogerie\" \/>\n<meta property=\"og:description\" content=\"Vous \u00e9mergez d\u2019un gouffre de t\u00e9n\u00e8bres, vaseux, comme rejet\u00e9 par un sommeil qui n\u2019aurait jamais d\u00fb finir. Vos yeux s\u2019ouvrent, mais la nuit demeure absolue, lourde, presque mat\u00e9rielle, comme si elle s\u2019\u00e9tait infiltr\u00e9e dans vos poumons. Chaque inspiration vous \u00e9touffe davantage. Vos doigts, en qu\u00eate d\u2019un ancrage, rencontrent une lampe [&hellip;]\" \/>\n<meta property=\"og:url\" content=\"https:\/\/vs-horlogerie.fr\/?page_id=63\" \/>\n<meta property=\"og:site_name\" content=\"L&#039;Horlogerie\" \/>\n<meta property=\"article:modified_time\" content=\"2025-09-05T13:03:13+00:00\" \/>\n<meta property=\"og:image\" content=\"https:\/\/vs-horlogerie.fr\/wp-content\/uploads\/2025\/08\/9q7hYk.png\" \/>\n\t<meta property=\"og:image:width\" content=\"1920\" \/>\n\t<meta property=\"og:image:height\" content=\"1080\" \/>\n\t<meta property=\"og:image:type\" content=\"image\/png\" \/>\n<meta name=\"twitter:card\" content=\"summary_large_image\" \/>\n<meta name=\"twitter:label1\" content=\"Dur\u00e9e de lecture estim\u00e9e\" \/>\n\t<meta name=\"twitter:data1\" content=\"2 minutes\" \/>\n<script type=\"application\/ld+json\" class=\"yoast-schema-graph\">{\"@context\":\"https:\/\/schema.org\",\"@graph\":[{\"@type\":\"WebPage\",\"@id\":\"https:\/\/vs-horlogerie.fr\/?page_id=63\",\"url\":\"https:\/\/vs-horlogerie.fr\/?page_id=63\",\"name\":\"Lore du Serveur - L&#039;Horlogerie\",\"isPartOf\":{\"@id\":\"https:\/\/vs-horlogerie.fr\/#website\"},\"primaryImageOfPage\":{\"@id\":\"https:\/\/vs-horlogerie.fr\/?page_id=63#primaryimage\"},\"image\":{\"@id\":\"https:\/\/vs-horlogerie.fr\/?page_id=63#primaryimage\"},\"thumbnailUrl\":\"https:\/\/vs-horlogerie.fr\/wp-content\/uploads\/2025\/08\/9q7hYk-1024x576.png\",\"datePublished\":\"2025-08-12T19:10:07+00:00\",\"dateModified\":\"2025-09-05T13:03:13+00:00\",\"breadcrumb\":{\"@id\":\"https:\/\/vs-horlogerie.fr\/?page_id=63#breadcrumb\"},\"inLanguage\":\"fr-FR\",\"potentialAction\":[{\"@type\":\"ReadAction\",\"target\":[\"https:\/\/vs-horlogerie.fr\/?page_id=63\"]}]},{\"@type\":\"ImageObject\",\"inLanguage\":\"fr-FR\",\"@id\":\"https:\/\/vs-horlogerie.fr\/?page_id=63#primaryimage\",\"url\":\"https:\/\/vs-horlogerie.fr\/wp-content\/uploads\/2025\/08\/9q7hYk.png\",\"contentUrl\":\"https:\/\/vs-horlogerie.fr\/wp-content\/uploads\/2025\/08\/9q7hYk.png\",\"width\":1920,\"height\":1080},{\"@type\":\"BreadcrumbList\",\"@id\":\"https:\/\/vs-horlogerie.fr\/?page_id=63#breadcrumb\",\"itemListElement\":[{\"@type\":\"ListItem\",\"position\":1,\"name\":\"Accueil\",\"item\":\"https:\/\/vs-horlogerie.fr\/\"},{\"@type\":\"ListItem\",\"position\":2,\"name\":\"Lore du Serveur\"}]},{\"@type\":\"WebSite\",\"@id\":\"https:\/\/vs-horlogerie.fr\/#website\",\"url\":\"https:\/\/vs-horlogerie.fr\/\",\"name\":\"L&#039;Horlogerie\",\"description\":\"\",\"publisher\":{\"@id\":\"https:\/\/vs-horlogerie.fr\/#organization\"},\"potentialAction\":[{\"@type\":\"SearchAction\",\"target\":{\"@type\":\"EntryPoint\",\"urlTemplate\":\"https:\/\/vs-horlogerie.fr\/?s={search_term_string}\"},\"query-input\":{\"@type\":\"PropertyValueSpecification\",\"valueRequired\":true,\"valueName\":\"search_term_string\"}}],\"inLanguage\":\"fr-FR\"},{\"@type\":\"Organization\",\"@id\":\"https:\/\/vs-horlogerie.fr\/#organization\",\"name\":\"L&#039;Horlogerie\",\"url\":\"https:\/\/vs-horlogerie.fr\/\",\"logo\":{\"@type\":\"ImageObject\",\"inLanguage\":\"fr-FR\",\"@id\":\"https:\/\/vs-horlogerie.fr\/#\/schema\/logo\/image\/\",\"url\":\"https:\/\/vs-horlogerie.fr\/wp-content\/uploads\/2025\/08\/cropped-Badge_14_01.png\",\"contentUrl\":\"https:\/\/vs-horlogerie.fr\/wp-content\/uploads\/2025\/08\/cropped-Badge_14_01.png\",\"width\":512,\"height\":512,\"caption\":\"L&#039;Horlogerie\"},\"image\":{\"@id\":\"https:\/\/vs-horlogerie.fr\/#\/schema\/logo\/image\/\"}}]}<\/script>\n<!-- \/ Yoast SEO plugin. -->","yoast_head_json":{"title":"Lore du Serveur - L&#039;Horlogerie","robots":{"index":"noindex","follow":"follow","max-snippet":"max-snippet:-1","max-image-preview":"max-image-preview:large","max-video-preview":"max-video-preview:-1"},"og_locale":"fr_FR","og_type":"article","og_title":"Lore du Serveur - L&#039;Horlogerie","og_description":"Vous \u00e9mergez d\u2019un gouffre de t\u00e9n\u00e8bres, vaseux, comme rejet\u00e9 par un sommeil qui n\u2019aurait jamais d\u00fb finir. Vos yeux s\u2019ouvrent, mais la nuit demeure absolue, lourde, presque mat\u00e9rielle, comme si elle s\u2019\u00e9tait infiltr\u00e9e dans vos poumons. Chaque inspiration vous \u00e9touffe davantage. Vos doigts, en qu\u00eate d\u2019un ancrage, rencontrent une lampe [&hellip;]","og_url":"https:\/\/vs-horlogerie.fr\/?page_id=63","og_site_name":"L&#039;Horlogerie","article_modified_time":"2025-09-05T13:03:13+00:00","og_image":[{"width":1920,"height":1080,"url":"https:\/\/vs-horlogerie.fr\/wp-content\/uploads\/2025\/08\/9q7hYk.png","type":"image\/png"}],"twitter_card":"summary_large_image","twitter_misc":{"Dur\u00e9e de lecture estim\u00e9e":"2 minutes"},"schema":{"@context":"https:\/\/schema.org","@graph":[{"@type":"WebPage","@id":"https:\/\/vs-horlogerie.fr\/?page_id=63","url":"https:\/\/vs-horlogerie.fr\/?page_id=63","name":"Lore du Serveur - L&#039;Horlogerie","isPartOf":{"@id":"https:\/\/vs-horlogerie.fr\/#website"},"primaryImageOfPage":{"@id":"https:\/\/vs-horlogerie.fr\/?page_id=63#primaryimage"},"image":{"@id":"https:\/\/vs-horlogerie.fr\/?page_id=63#primaryimage"},"thumbnailUrl":"https:\/\/vs-horlogerie.fr\/wp-content\/uploads\/2025\/08\/9q7hYk-1024x576.png","datePublished":"2025-08-12T19:10:07+00:00","dateModified":"2025-09-05T13:03:13+00:00","breadcrumb":{"@id":"https:\/\/vs-horlogerie.fr\/?page_id=63#breadcrumb"},"inLanguage":"fr-FR","potentialAction":[{"@type":"ReadAction","target":["https:\/\/vs-horlogerie.fr\/?page_id=63"]}]},{"@type":"ImageObject","inLanguage":"fr-FR","@id":"https:\/\/vs-horlogerie.fr\/?page_id=63#primaryimage","url":"https:\/\/vs-horlogerie.fr\/wp-content\/uploads\/2025\/08\/9q7hYk.png","contentUrl":"https:\/\/vs-horlogerie.fr\/wp-content\/uploads\/2025\/08\/9q7hYk.png","width":1920,"height":1080},{"@type":"BreadcrumbList","@id":"https:\/\/vs-horlogerie.fr\/?page_id=63#breadcrumb","itemListElement":[{"@type":"ListItem","position":1,"name":"Accueil","item":"https:\/\/vs-horlogerie.fr\/"},{"@type":"ListItem","position":2,"name":"Lore du Serveur"}]},{"@type":"WebSite","@id":"https:\/\/vs-horlogerie.fr\/#website","url":"https:\/\/vs-horlogerie.fr\/","name":"L&#039;Horlogerie","description":"","publisher":{"@id":"https:\/\/vs-horlogerie.fr\/#organization"},"potentialAction":[{"@type":"SearchAction","target":{"@type":"EntryPoint","urlTemplate":"https:\/\/vs-horlogerie.fr\/?s={search_term_string}"},"query-input":{"@type":"PropertyValueSpecification","valueRequired":true,"valueName":"search_term_string"}}],"inLanguage":"fr-FR"},{"@type":"Organization","@id":"https:\/\/vs-horlogerie.fr\/#organization","name":"L&#039;Horlogerie","url":"https:\/\/vs-horlogerie.fr\/","logo":{"@type":"ImageObject","inLanguage":"fr-FR","@id":"https:\/\/vs-horlogerie.fr\/#\/schema\/logo\/image\/","url":"https:\/\/vs-horlogerie.fr\/wp-content\/uploads\/2025\/08\/cropped-Badge_14_01.png","contentUrl":"https:\/\/vs-horlogerie.fr\/wp-content\/uploads\/2025\/08\/cropped-Badge_14_01.png","width":512,"height":512,"caption":"L&#039;Horlogerie"},"image":{"@id":"https:\/\/vs-horlogerie.fr\/#\/schema\/logo\/image\/"}}]}},"jetpack_sharing_enabled":true,"_links":{"self":[{"href":"https:\/\/vs-horlogerie.fr\/index.php?rest_route=\/wp\/v2\/pages\/63","targetHints":{"allow":["GET"]}}],"collection":[{"href":"https:\/\/vs-horlogerie.fr\/index.php?rest_route=\/wp\/v2\/pages"}],"about":[{"href":"https:\/\/vs-horlogerie.fr\/index.php?rest_route=\/wp\/v2\/types\/page"}],"author":[{"embeddable":true,"href":"https:\/\/vs-horlogerie.fr\/index.php?rest_route=\/wp\/v2\/users\/1"}],"replies":[{"embeddable":true,"href":"https:\/\/vs-horlogerie.fr\/index.php?rest_route=%2Fwp%2Fv2%2Fcomments&post=63"}],"version-history":[{"count":10,"href":"https:\/\/vs-horlogerie.fr\/index.php?rest_route=\/wp\/v2\/pages\/63\/revisions"}],"predecessor-version":[{"id":175,"href":"https:\/\/vs-horlogerie.fr\/index.php?rest_route=\/wp\/v2\/pages\/63\/revisions\/175"}],"wp:attachment":[{"href":"https:\/\/vs-horlogerie.fr\/index.php?rest_route=%2Fwp%2Fv2%2Fmedia&parent=63"}],"curies":[{"name":"wp","href":"https:\/\/api.w.org\/{rel}","templated":true}]}}