{"id":19,"date":"2025-08-10T23:54:11","date_gmt":"2025-08-10T21:54:11","guid":{"rendered":"https:\/\/vs-horlogerie.fr\/?page_id=19"},"modified":"2025-08-26T16:59:16","modified_gmt":"2025-08-26T14:59:16","slug":"reglement","status":"publish","type":"page","link":"https:\/\/vs-horlogerie.fr\/?page_id=19","title":{"rendered":"R\u00e8glement"},"content":{"rendered":"\n<div class=\"wp-block-group alignfull is-style-section-5\" style=\"min-height:100vh;margin-top:0;margin-bottom:0;padding-top:var(--wp--preset--spacing--50);padding-right:var(--wp--preset--spacing--50);padding-bottom:var(--wp--preset--spacing--50);padding-left:var(--wp--preset--spacing--50)\"><div class=\"wp-block-group__inner-container is-layout-flow wp-block-group-is-layout-flow\">\n<div class=\"wp-block-columns alignfull is-layout-flex wp-container-core-columns-is-layout-47c06fe3 wp-block-columns-is-layout-flex\">\n<div class=\"wp-block-column is-layout-flow wp-block-column-is-layout-flow\">\n<div class=\"wp-block-cover has-medium-font-size wp-duotone-grayscale\" style=\"border-style:none;border-width:0px;padding-top:var(--wp--preset--spacing--30);padding-right:var(--wp--preset--spacing--30);padding-bottom:var(--wp--preset--spacing--30);padding-left:var(--wp--preset--spacing--30);min-height:100vh;aspect-ratio:unset;\"><img loading=\"lazy\" decoding=\"async\" width=\"1024\" height=\"476\" class=\"wp-block-cover__image-background wp-image-117 size-large\" alt=\"\" src=\"https:\/\/vs-horlogerie.fr\/wp-content\/uploads\/2025\/08\/Archive-de-resonance-1024x476.png\" style=\"object-position:0% 57%\" data-object-fit=\"cover\" data-object-position=\"0% 57%\" srcset=\"https:\/\/vs-horlogerie.fr\/wp-content\/uploads\/2025\/08\/Archive-de-resonance-1024x476.png 1024w, https:\/\/vs-horlogerie.fr\/wp-content\/uploads\/2025\/08\/Archive-de-resonance-300x139.png 300w, https:\/\/vs-horlogerie.fr\/wp-content\/uploads\/2025\/08\/Archive-de-resonance-768x357.png 768w, https:\/\/vs-horlogerie.fr\/wp-content\/uploads\/2025\/08\/Archive-de-resonance-1536x714.png 1536w, https:\/\/vs-horlogerie.fr\/wp-content\/uploads\/2025\/08\/Archive-de-resonance-2048x952.png 2048w\" sizes=\"auto, (max-width: 1024px) 100vw, 1024px\" \/><span aria-hidden=\"true\" class=\"wp-block-cover__background has-background-dim-0 has-background-dim\" style=\"background-color:#818181\"><\/span><div class=\"wp-block-cover__inner-container is-layout-flow wp-block-cover-is-layout-flow\">\n<div style=\"height:var(--wp--preset--spacing--20)\" aria-hidden=\"true\" class=\"wp-block-spacer\"><\/div>\n<\/div><\/div>\n<\/div>\n\n\n\n<div class=\"wp-block-column is-layout-flow wp-block-column-is-layout-flow\">\n<div class=\"wp-block-group has-background-color-color has-text-color has-background has-link-color has-medium-font-size wp-elements-53b4d12358092eeefdb53188e39155e6 is-vertical is-content-justification-center is-nowrap is-layout-flex wp-container-core-group-is-layout-55f05dbf wp-block-group-is-layout-flex\" style=\"background:linear-gradient(220deg,rgb(137,137,138) 0%,rgb(198,186,151) 100%);min-height:100%\">\n<h1 class=\"wp-block-heading has-small-font-size\"><strong>R\u00e8glement du serveur L&rsquo;Horlogerie,<\/strong><\/h1>\n\n\n\n<p class=\"has-black-color has-text-color has-link-color has-small-font-size wp-elements-cc258e6b521161b4124010fff7d638b5\"><strong>Le serveur de jeu <\/strong>L&rsquo;Horlogerie<strong> est directement li\u00e9 au serveur Discord du m\u00eame nom. En cons\u00e9quence, le <\/strong>\u2060r\u00e8glement du Discord s\u2019applique \u00e9galement au serveur de jeu.<\/p>\n\n\n\n<h2 class=\"wp-block-heading has-medium-font-size\">Esprit du serveur,<\/h2>\n\n\n\n<p class=\"has-black-color has-text-color has-link-color has-small-font-size wp-elements-8acde794fa91effc4eb0ce31e0245084\">Le serveur se veut Semi-RP. Cela signifie que nous demandons aux joueur(euse)s de jouer comme s&rsquo;y il ou elle incarner leur personnage mais les discutions Hors-RP sont autoris\u00e9s. Nous demandons \u00e0 tous et \u00e0 toute de garder une certaine coh\u00e9rence sur certain points :<\/p>\n\n\n\n<ul class=\"wp-block-list\">\n<li class=\"has-black-color has-text-color has-link-color has-small-font-size wp-elements-5343cc02bd260d918e403b3e93bf0aac\">\u00c9vitez les structures ou ressources flottantes,<\/li>\n\n\n\n<li class=\"has-black-color has-text-color has-link-color has-small-font-size wp-elements-a4507029a3d84b780ca79feeedfebd18\">Privil\u00e9giez une logique visuelle et immersive,<\/li>\n\n\n\n<li class=\"has-black-color has-text-color has-link-color has-small-font-size wp-elements-03a1ec5422c39c68476bca1bf52ebf87\">Chaque joueur(euse) peut exercer un certain nombre de m\u00e9tier ( vous ne pouvez pas \u00eatre des hommes et femmes \u00e0 tout faire, ce qui veut dire que vous ne pouvez pas faire tout tous seul(e). Vous pourrez exerc\u00e9 autant de m\u00e9tier de <strong>r\u00e9colte<\/strong> que vous voulez <strong>( Bucherons, Mineur et Chasseur )<\/strong> mais seulement deux m\u00e9tier de <strong>production<\/strong> simultan\u00e9ment <strong>(Forgeront, Cuisinier, Brasseur\/Viniculteur, Apothicaire, Tanneur, Charbonnier, Agriculteur, Tailleur de pierre, Pisciculteur , Potier , Apiculteur , Tailleur )<\/strong>   . Il n&rsquo;est pas interdit exerc\u00e9 le m\u00eame m\u00e9tier que quelqu&rsquo;un d&rsquo;autre faisant parti de votre communaut\u00e9. Tout les m\u00e9tiers dit <strong>RP ( Garde, Tavernier\/Aubergiste, Ma\u00eetre de Guilde, Chef de village , Sculpteur , etc. )<\/strong> ne sont pas limit\u00e9, <\/li>\n\n\n\n<li class=\"has-black-color has-text-color has-link-color has-small-font-size wp-elements-731dec81a23a8cdfc46caa7a77307e6c\">Les structure doivent \u00eatre coh\u00e9rente avec l&rsquo;Histoire du Jeu ( pas de Vaisseau spatiaux \u00e0 la Guerre des \u00e9toiles ) <\/li>\n<\/ul>\n\n\n\n<h2 class=\"wp-block-heading has-medium-font-size\">Gouvernement locaux,<\/h2>\n\n\n\n<p class=\"has-black-color has-text-color has-link-color has-small-font-size wp-elements-a2928326d0fce8195c68f6919ad156d7\">Au sein du monde, diff\u00e9rentes cit\u00e9 et communaut\u00e9 vont ce cr\u00e9er, chacune d&rsquo;entre elles sont libre d\u2019adopter un r\u00e8glement interne, \u00e9tabli par son ou ses repr\u00e9sentants. La mod\u00e9ration se r\u00e9serve n\u00e9anmoins un droit de regard et peut demander des ajustements apr\u00e8s discussion avec le ou les repr\u00e9sentants concern\u00e9s si celles-ci leur semble inappropri\u00e9. <br>Les gouvernements cr\u00e9er par les joueur(euse)s peuvent prendre toute les formes possibles ( Monarchie absolu ou constitutionnelle, dictature, oligarchie, d\u00e9mocratie, etc. ). Rappelez-vous simplement que vous ne pourrez jamais forc\u00e9 des joueur(euse)s \u00e0 rester dans votre cit\u00e9s si celle-ci ne leurs plaie pas. <\/p>\n\n\n\n<h2 class=\"wp-block-heading has-medium-font-size\">R\u00e8gles g\u00e9n\u00e9rales du serveur,<\/h2>\n\n\n\n<div class=\"wp-block-group\"><div class=\"wp-block-group__inner-container is-layout-constrained wp-block-group-is-layout-constrained\">\n<p class=\"has-black-color has-text-color has-link-color has-small-font-size wp-elements-4aa131ced4cf896bcd81878b8b690901\">Les r\u00e8gles classiques de bonne conduite s\u2019appliquent partout, que ce soit dans la mani\u00e8re de jouer, de parler ou d&rsquo;\u00e9crire.<br>Voici d&rsquo;autre r\u00e8gle en plus de celle-ci :<\/p>\n\n\n\n<ul class=\"wp-block-list\">\n<li class=\"has-small-font-size\">Griefing est interdits, que la zone soit claim ou non,<\/li>\n\n\n\n<li class=\"has-small-font-size\">Le Vol est Autoris\u00e9 dans les zone non claim<strong>,<\/strong><\/li>\n\n\n\n<li class=\"has-small-font-size\">Lorsque vous vous installez, veillez \u00e0 ne pas bloquer le d\u00e9veloppement d\u2019autrui,<\/li>\n\n\n\n<li class=\"has-black-color has-text-color has-link-color has-small-font-size wp-elements-58bb00a91d80bd908af4bd6427506653\">Exploitation (abus) des m\u00e9caniques du jeu ou des mods interdite,<\/li>\n\n\n\n<li class=\"has-small-font-size\">Avec le mod xSkill, si vous r\u00e9initialisez un m\u00e9tier, il vous faudra attendre 4 jours r\u00e9el pour le r\u00e9apprendre<strong>,<\/strong><\/li>\n\n\n\n<li class=\"has-small-font-size\">Toute forme de triche est prohib\u00e9e (xRay, Fullbright, assistance de combat, etc.),<\/li>\n<\/ul>\n<\/div><\/div>\n\n\n\n<blockquote class=\"wp-block-quote is-layout-flow wp-block-quote-is-layout-flow\">\n<p class=\"has-small-font-size\"><em>\u00ab\u00a0La libert\u00e9 des uns s&rsquo;arr\u00eate l\u00e0 o\u00f9 commence celle des autres.\u00a0\u00bb<\/em> <em><strong>John Stuart Mill<\/strong><\/em><\/p>\n<\/blockquote>\n<\/div>\n<\/div>\n<\/div>\n<\/div><\/div>\n\n\n\n<p><\/p>\n","protected":false},"excerpt":{"rendered":"<p>R\u00e8glement du serveur L&rsquo;Horlogerie, Le serveur de jeu L&rsquo;Horlogerie est directement li\u00e9 au serveur Discord du m\u00eame nom. En cons\u00e9quence, le \u2060r\u00e8glement du Discord s\u2019applique \u00e9galement au serveur de jeu. Esprit du serveur, Le serveur se veut Semi-RP. Cela signifie que nous demandons aux joueur(euse)s de jouer comme s&rsquo;y il [&hellip;]<\/p>\n","protected":false},"author":1,"featured_media":0,"parent":0,"menu_order":0,"comment_status":"closed","ping_status":"closed","template":"","meta":{"_themeisle_gutenberg_block_has_review":false,"footnotes":""},"class_list":["post-19","page","type-page","status-publish","hentry"],"yoast_head":"<!-- This site is optimized with the Yoast SEO plugin v27.2 - https:\/\/yoast.com\/product\/yoast-seo-wordpress\/ -->\n<title>R\u00e8glement - L&#039;Horlogerie<\/title>\n<meta name=\"robots\" content=\"noindex, follow, max-snippet:-1, max-image-preview:large, max-video-preview:-1\" \/>\n<meta property=\"og:locale\" content=\"fr_FR\" \/>\n<meta property=\"og:type\" content=\"article\" \/>\n<meta property=\"og:title\" content=\"R\u00e8glement - L&#039;Horlogerie\" \/>\n<meta property=\"og:description\" content=\"R\u00e8glement du serveur L&rsquo;Horlogerie, Le serveur de jeu L&rsquo;Horlogerie est directement li\u00e9 au serveur Discord du m\u00eame nom. En cons\u00e9quence, le \u2060r\u00e8glement du Discord s\u2019applique \u00e9galement au serveur de jeu. Esprit du serveur, Le serveur se veut Semi-RP. Cela signifie que nous demandons aux joueur(euse)s de jouer comme s&rsquo;y il [&hellip;]\" \/>\n<meta property=\"og:url\" content=\"https:\/\/vs-horlogerie.fr\/?page_id=19\" \/>\n<meta property=\"og:site_name\" content=\"L&#039;Horlogerie\" \/>\n<meta property=\"article:modified_time\" content=\"2025-08-26T14:59:16+00:00\" \/>\n<meta property=\"og:image\" content=\"https:\/\/vs-horlogerie.fr\/wp-content\/uploads\/2025\/08\/Archive-de-resonance-1024x476.png\" \/>\n\t<meta property=\"og:image:width\" content=\"1024\" \/>\n\t<meta property=\"og:image:height\" content=\"476\" \/>\n\t<meta property=\"og:image:type\" content=\"image\/png\" \/>\n<meta name=\"twitter:card\" content=\"summary_large_image\" \/>\n<meta name=\"twitter:label1\" content=\"Dur\u00e9e de lecture estim\u00e9e\" \/>\n\t<meta name=\"twitter:data1\" content=\"3 minutes\" \/>\n<script type=\"application\/ld+json\" class=\"yoast-schema-graph\">{\"@context\":\"https:\/\/schema.org\",\"@graph\":[{\"@type\":\"WebPage\",\"@id\":\"https:\/\/vs-horlogerie.fr\/?page_id=19\",\"url\":\"https:\/\/vs-horlogerie.fr\/?page_id=19\",\"name\":\"R\u00e8glement - L&#039;Horlogerie\",\"isPartOf\":{\"@id\":\"https:\/\/vs-horlogerie.fr\/#website\"},\"primaryImageOfPage\":{\"@id\":\"https:\/\/vs-horlogerie.fr\/?page_id=19#primaryimage\"},\"image\":{\"@id\":\"https:\/\/vs-horlogerie.fr\/?page_id=19#primaryimage\"},\"thumbnailUrl\":\"https:\/\/vs-horlogerie.fr\/wp-content\/uploads\/2025\/08\/Archive-de-resonance-1024x476.png\",\"datePublished\":\"2025-08-10T21:54:11+00:00\",\"dateModified\":\"2025-08-26T14:59:16+00:00\",\"breadcrumb\":{\"@id\":\"https:\/\/vs-horlogerie.fr\/?page_id=19#breadcrumb\"},\"inLanguage\":\"fr-FR\",\"potentialAction\":[{\"@type\":\"ReadAction\",\"target\":[\"https:\/\/vs-horlogerie.fr\/?page_id=19\"]}]},{\"@type\":\"ImageObject\",\"inLanguage\":\"fr-FR\",\"@id\":\"https:\/\/vs-horlogerie.fr\/?page_id=19#primaryimage\",\"url\":\"https:\/\/vs-horlogerie.fr\/wp-content\/uploads\/2025\/08\/Archive-de-resonance.png\",\"contentUrl\":\"https:\/\/vs-horlogerie.fr\/wp-content\/uploads\/2025\/08\/Archive-de-resonance.png\",\"width\":2559,\"height\":1189},{\"@type\":\"BreadcrumbList\",\"@id\":\"https:\/\/vs-horlogerie.fr\/?page_id=19#breadcrumb\",\"itemListElement\":[{\"@type\":\"ListItem\",\"position\":1,\"name\":\"Accueil\",\"item\":\"https:\/\/vs-horlogerie.fr\/\"},{\"@type\":\"ListItem\",\"position\":2,\"name\":\"R\u00e8glement\"}]},{\"@type\":\"WebSite\",\"@id\":\"https:\/\/vs-horlogerie.fr\/#website\",\"url\":\"https:\/\/vs-horlogerie.fr\/\",\"name\":\"L&#039;Horlogerie\",\"description\":\"\",\"publisher\":{\"@id\":\"https:\/\/vs-horlogerie.fr\/#organization\"},\"potentialAction\":[{\"@type\":\"SearchAction\",\"target\":{\"@type\":\"EntryPoint\",\"urlTemplate\":\"https:\/\/vs-horlogerie.fr\/?s={search_term_string}\"},\"query-input\":{\"@type\":\"PropertyValueSpecification\",\"valueRequired\":true,\"valueName\":\"search_term_string\"}}],\"inLanguage\":\"fr-FR\"},{\"@type\":\"Organization\",\"@id\":\"https:\/\/vs-horlogerie.fr\/#organization\",\"name\":\"L&#039;Horlogerie\",\"url\":\"https:\/\/vs-horlogerie.fr\/\",\"logo\":{\"@type\":\"ImageObject\",\"inLanguage\":\"fr-FR\",\"@id\":\"https:\/\/vs-horlogerie.fr\/#\/schema\/logo\/image\/\",\"url\":\"https:\/\/vs-horlogerie.fr\/wp-content\/uploads\/2025\/08\/cropped-Badge_14_01.png\",\"contentUrl\":\"https:\/\/vs-horlogerie.fr\/wp-content\/uploads\/2025\/08\/cropped-Badge_14_01.png\",\"width\":512,\"height\":512,\"caption\":\"L&#039;Horlogerie\"},\"image\":{\"@id\":\"https:\/\/vs-horlogerie.fr\/#\/schema\/logo\/image\/\"}}]}<\/script>\n<!-- \/ Yoast SEO plugin. -->","yoast_head_json":{"title":"R\u00e8glement - L&#039;Horlogerie","robots":{"index":"noindex","follow":"follow","max-snippet":"max-snippet:-1","max-image-preview":"max-image-preview:large","max-video-preview":"max-video-preview:-1"},"og_locale":"fr_FR","og_type":"article","og_title":"R\u00e8glement - L&#039;Horlogerie","og_description":"R\u00e8glement du serveur L&rsquo;Horlogerie, Le serveur de jeu L&rsquo;Horlogerie est directement li\u00e9 au serveur Discord du m\u00eame nom. En cons\u00e9quence, le \u2060r\u00e8glement du Discord s\u2019applique \u00e9galement au serveur de jeu. Esprit du serveur, Le serveur se veut Semi-RP. Cela signifie que nous demandons aux joueur(euse)s de jouer comme s&rsquo;y il [&hellip;]","og_url":"https:\/\/vs-horlogerie.fr\/?page_id=19","og_site_name":"L&#039;Horlogerie","article_modified_time":"2025-08-26T14:59:16+00:00","og_image":[{"width":1024,"height":476,"url":"https:\/\/vs-horlogerie.fr\/wp-content\/uploads\/2025\/08\/Archive-de-resonance-1024x476.png","type":"image\/png"}],"twitter_card":"summary_large_image","twitter_misc":{"Dur\u00e9e de lecture estim\u00e9e":"3 minutes"},"schema":{"@context":"https:\/\/schema.org","@graph":[{"@type":"WebPage","@id":"https:\/\/vs-horlogerie.fr\/?page_id=19","url":"https:\/\/vs-horlogerie.fr\/?page_id=19","name":"R\u00e8glement - L&#039;Horlogerie","isPartOf":{"@id":"https:\/\/vs-horlogerie.fr\/#website"},"primaryImageOfPage":{"@id":"https:\/\/vs-horlogerie.fr\/?page_id=19#primaryimage"},"image":{"@id":"https:\/\/vs-horlogerie.fr\/?page_id=19#primaryimage"},"thumbnailUrl":"https:\/\/vs-horlogerie.fr\/wp-content\/uploads\/2025\/08\/Archive-de-resonance-1024x476.png","datePublished":"2025-08-10T21:54:11+00:00","dateModified":"2025-08-26T14:59:16+00:00","breadcrumb":{"@id":"https:\/\/vs-horlogerie.fr\/?page_id=19#breadcrumb"},"inLanguage":"fr-FR","potentialAction":[{"@type":"ReadAction","target":["https:\/\/vs-horlogerie.fr\/?page_id=19"]}]},{"@type":"ImageObject","inLanguage":"fr-FR","@id":"https:\/\/vs-horlogerie.fr\/?page_id=19#primaryimage","url":"https:\/\/vs-horlogerie.fr\/wp-content\/uploads\/2025\/08\/Archive-de-resonance.png","contentUrl":"https:\/\/vs-horlogerie.fr\/wp-content\/uploads\/2025\/08\/Archive-de-resonance.png","width":2559,"height":1189},{"@type":"BreadcrumbList","@id":"https:\/\/vs-horlogerie.fr\/?page_id=19#breadcrumb","itemListElement":[{"@type":"ListItem","position":1,"name":"Accueil","item":"https:\/\/vs-horlogerie.fr\/"},{"@type":"ListItem","position":2,"name":"R\u00e8glement"}]},{"@type":"WebSite","@id":"https:\/\/vs-horlogerie.fr\/#website","url":"https:\/\/vs-horlogerie.fr\/","name":"L&#039;Horlogerie","description":"","publisher":{"@id":"https:\/\/vs-horlogerie.fr\/#organization"},"potentialAction":[{"@type":"SearchAction","target":{"@type":"EntryPoint","urlTemplate":"https:\/\/vs-horlogerie.fr\/?s={search_term_string}"},"query-input":{"@type":"PropertyValueSpecification","valueRequired":true,"valueName":"search_term_string"}}],"inLanguage":"fr-FR"},{"@type":"Organization","@id":"https:\/\/vs-horlogerie.fr\/#organization","name":"L&#039;Horlogerie","url":"https:\/\/vs-horlogerie.fr\/","logo":{"@type":"ImageObject","inLanguage":"fr-FR","@id":"https:\/\/vs-horlogerie.fr\/#\/schema\/logo\/image\/","url":"https:\/\/vs-horlogerie.fr\/wp-content\/uploads\/2025\/08\/cropped-Badge_14_01.png","contentUrl":"https:\/\/vs-horlogerie.fr\/wp-content\/uploads\/2025\/08\/cropped-Badge_14_01.png","width":512,"height":512,"caption":"L&#039;Horlogerie"},"image":{"@id":"https:\/\/vs-horlogerie.fr\/#\/schema\/logo\/image\/"}}]}},"jetpack_sharing_enabled":true,"_links":{"self":[{"href":"https:\/\/vs-horlogerie.fr\/index.php?rest_route=\/wp\/v2\/pages\/19","targetHints":{"allow":["GET"]}}],"collection":[{"href":"https:\/\/vs-horlogerie.fr\/index.php?rest_route=\/wp\/v2\/pages"}],"about":[{"href":"https:\/\/vs-horlogerie.fr\/index.php?rest_route=\/wp\/v2\/types\/page"}],"author":[{"embeddable":true,"href":"https:\/\/vs-horlogerie.fr\/index.php?rest_route=\/wp\/v2\/users\/1"}],"replies":[{"embeddable":true,"href":"https:\/\/vs-horlogerie.fr\/index.php?rest_route=%2Fwp%2Fv2%2Fcomments&post=19"}],"version-history":[{"count":11,"href":"https:\/\/vs-horlogerie.fr\/index.php?rest_route=\/wp\/v2\/pages\/19\/revisions"}],"predecessor-version":[{"id":133,"href":"https:\/\/vs-horlogerie.fr\/index.php?rest_route=\/wp\/v2\/pages\/19\/revisions\/133"}],"wp:attachment":[{"href":"https:\/\/vs-horlogerie.fr\/index.php?rest_route=%2Fwp%2Fv2%2Fmedia&parent=19"}],"curies":[{"name":"wp","href":"https:\/\/api.w.org\/{rel}","templated":true}]}}